{"id":104,"date":"2023-06-23T12:54:45","date_gmt":"2023-06-23T12:54:45","guid":{"rendered":"https:\/\/liviopastorino.com\/?page_id=104"},"modified":"2024-03-18T16:09:28","modified_gmt":"2024-03-18T16:09:28","slug":"contacto","status":"publish","type":"page","link":"https:\/\/liviopastorino.com\/en\/contacto\/","title":{"rendered":"Contact"},"content":{"rendered":"<div data-elementor-type=\"wp-page\" data-elementor-id=\"104\" class=\"elementor elementor-104\">\n\t\t\t\t\t\t<section class=\"elementor-section elementor-top-section elementor-element elementor-element-68faccc elementor-section-height-min-height elementor-section-items-bottom elementor-section-content-bottom elementor-section-boxed elementor-section-height-default\" data-id=\"68faccc\" data-element_type=\"section\" data-e-type=\"section\" data-settings=\"{&quot;background_background&quot;:&quot;classic&quot;}\">\n\t\t\t\t\t\t<div class=\"elementor-container elementor-column-gap-default\">\n\t\t\t\t\t<div class=\"elementor-column elementor-col-100 elementor-top-column elementor-element elementor-element-655c34f\" data-id=\"655c34f\" data-element_type=\"column\" data-e-type=\"column\">\n\t\t\t<div class=\"elementor-widget-wrap\">\n\t\t\t\t\t\t\t<\/div>\n\t\t<\/div>\n\t\t\t\t\t<\/div>\n\t\t<\/section>\n\t\t\t\t<section class=\"elementor-section elementor-top-section elementor-element elementor-element-26bdc5f container-xs elementor-section-boxed elementor-section-height-default elementor-section-height-default\" data-id=\"26bdc5f\" data-element_type=\"section\" data-e-type=\"section\">\n\t\t\t\t\t\t<div class=\"elementor-container elementor-column-gap-default\">\n\t\t\t\t\t<div class=\"elementor-column elementor-col-100 elementor-top-column elementor-element elementor-element-c0645e5\" data-id=\"c0645e5\" data-element_type=\"column\" data-e-type=\"column\">\n\t\t\t<div class=\"elementor-widget-wrap elementor-element-populated\">\n\t\t\t\t\t\t<div class=\"elementor-element elementor-element-7e4b342 line-desing-title-center elementor-widget elementor-widget-heading\" data-id=\"7e4b342\" data-element_type=\"widget\" data-e-type=\"widget\" data-widget_type=\"heading.default\">\n\t\t\t\t\t<h2 class=\"elementor-heading-title elementor-size-default\">Do you have any questions?<\/h2>\t\t\t\t<\/div>\n\t\t\t\t<div class=\"elementor-element elementor-element-02d71c8 elementor-widget elementor-widget-text-editor\" data-id=\"02d71c8\" data-element_type=\"widget\" data-e-type=\"widget\" data-widget_type=\"text-editor.default\">\n\t\t\t\t\t\t\t\t\t<p>Cont\u00e1ctanos para sumergirte en el fascinante mundo de las bebidas, desde Piscos y Destilados hasta Macerados, Licores, Aguardientes, Vinos y Orujos. Nuestras catas y degustaciones se realizan en diversas ubicaciones, abarcando desde Madrid\u00a0 Espa\u00f1a hasta destinos internacionales como Francia, Italia, Alemania, Reino Unido, Europa, Asia, Estados Unidos y Latinoam\u00e9rica. Aprende a apreciar, analizar y disfrutar de estas exquisitas bebidas en un entorno enriquecedor.<\/p>\t\t\t\t\t\t\t\t<\/div>\n\t\t\t\t<div class=\"elementor-element elementor-element-0577722 elementor-widget elementor-widget-text-editor\" data-id=\"0577722\" data-element_type=\"widget\" data-e-type=\"widget\" data-widget_type=\"text-editor.default\">\n\t\t\t\t\t\t\t\t\tWe look forward to hearing from you to start this exciting sensory learning adventure!\t\t\t\t\t\t\t\t<\/div>\n\t\t\t\t<div class=\"elementor-element elementor-element-8de14e4 elementor-position-inline-start elementor-mobile-position-inline-start elementor-widget__width-auto elementor-view-default elementor-widget elementor-widget-icon-box\" data-id=\"8de14e4\" data-element_type=\"widget\" data-e-type=\"widget\" data-widget_type=\"icon-box.default\">\n\t\t\t\t\t\t\t<div class=\"elementor-icon-box-wrapper\">\n\n\t\t\t\t\t\t<div class=\"elementor-icon-box-icon\">\n\t\t\t\t<a href=\"https:\/\/api.whatsapp.com\/send?phone=997411296\" target=\"_blank\" class=\"elementor-icon\" tabindex=\"-1\" aria-label=\"+51 997 411 296\">\n\t\t\t\t<svg aria-hidden=\"true\" class=\"e-font-icon-svg e-fab-whatsapp\" viewbox=\"0 0 448 512\" xmlns=\"http:\/\/www.w3.org\/2000\/svg\"><path d=\"M380.9 97.1C339 55.1 283.2 32 223.9 32c-122.4 0-222 99.6-222 222 0 39.1 10.2 77.3 29.6 111L0 480l117.7-30.9c32.4 17.7 68.9 27 106.1 27h.1c122.3 0 224.1-99.6 224.1-222 0-59.3-25.2-115-67.1-157zm-157 341.6c-33.2 0-65.7-8.9-94-25.7l-6.7-4-69.8 18.3L72 359.2l-4.4-7c-18.5-29.4-28.2-63.3-28.2-98.2 0-101.7 82.8-184.5 184.6-184.5 49.3 0 95.6 19.2 130.4 54.1 34.8 34.9 56.2 81.2 56.1 130.5 0 101.8-84.9 184.6-186.6 184.6zm101.2-138.2c-5.5-2.8-32.8-16.2-37.9-18-5.1-1.9-8.8-2.8-12.5 2.8-3.7 5.6-14.3 18-17.6 21.8-3.2 3.7-6.5 4.2-12 1.4-32.6-16.3-54-29.1-75.5-66-5.7-9.8 5.7-9.1 16.3-30.3 1.8-3.7.9-6.9-.5-9.7-1.4-2.8-12.5-30.1-17.1-41.2-4.5-10.8-9.1-9.3-12.5-9.5-3.2-.2-6.9-.2-10.6-.2-3.7 0-9.7 1.4-14.8 6.9-5.1 5.6-19.4 19-19.4 46.3 0 27.3 19.9 53.7 22.6 57.4 2.8 3.7 39.1 59.7 94.8 83.8 35.2 15.2 49 16.5 66.6 13.9 10.7-1.6 32.8-13.4 37.4-26.4 4.6-13 4.6-24.1 3.2-26.4-1.3-2.5-5-3.9-10.5-6.6z\"><\/path><\/svg>\t\t\t\t<\/a>\n\t\t\t<\/div>\n\t\t\t\n\t\t\t\t\t\t<div class=\"elementor-icon-box-content\">\n\n\t\t\t\t\t\t\t\t\t<p class=\"elementor-icon-box-title\">\n\t\t\t\t\t\t<a href=\"https:\/\/api.whatsapp.com\/send?phone=997411296\" target=\"_blank\" >\n\t\t\t\t\t\t\t+51 997 411 296\t\t\t\t\t\t<\/a>\n\t\t\t\t\t<\/p>\n\t\t\t\t\n\t\t\t\t\n\t\t\t<\/div>\n\t\t\t\n\t\t<\/div>\n\t\t\t\t\t\t<\/div>\n\t\t\t\t<div class=\"elementor-element elementor-element-a9a2720 elementor-position-inline-start elementor-mobile-position-inline-start elementor-widget__width-auto elementor-view-default elementor-widget elementor-widget-icon-box\" data-id=\"a9a2720\" data-element_type=\"widget\" data-e-type=\"widget\" data-widget_type=\"icon-box.default\">\n\t\t\t\t\t\t\t<div class=\"elementor-icon-box-wrapper\">\n\n\t\t\t\t\t\t<div class=\"elementor-icon-box-icon\">\n\t\t\t\t<a href=\"https:\/\/api.whatsapp.com\/send?phone=997411296\" target=\"_blank\" class=\"elementor-icon\" tabindex=\"-1\" aria-label=\"+34 635  795 613\">\n\t\t\t\t<svg aria-hidden=\"true\" class=\"e-font-icon-svg e-fab-whatsapp\" viewbox=\"0 0 448 512\" xmlns=\"http:\/\/www.w3.org\/2000\/svg\"><path d=\"M380.9 97.1C339 55.1 283.2 32 223.9 32c-122.4 0-222 99.6-222 222 0 39.1 10.2 77.3 29.6 111L0 480l117.7-30.9c32.4 17.7 68.9 27 106.1 27h.1c122.3 0 224.1-99.6 224.1-222 0-59.3-25.2-115-67.1-157zm-157 341.6c-33.2 0-65.7-8.9-94-25.7l-6.7-4-69.8 18.3L72 359.2l-4.4-7c-18.5-29.4-28.2-63.3-28.2-98.2 0-101.7 82.8-184.5 184.6-184.5 49.3 0 95.6 19.2 130.4 54.1 34.8 34.9 56.2 81.2 56.1 130.5 0 101.8-84.9 184.6-186.6 184.6zm101.2-138.2c-5.5-2.8-32.8-16.2-37.9-18-5.1-1.9-8.8-2.8-12.5 2.8-3.7 5.6-14.3 18-17.6 21.8-3.2 3.7-6.5 4.2-12 1.4-32.6-16.3-54-29.1-75.5-66-5.7-9.8 5.7-9.1 16.3-30.3 1.8-3.7.9-6.9-.5-9.7-1.4-2.8-12.5-30.1-17.1-41.2-4.5-10.8-9.1-9.3-12.5-9.5-3.2-.2-6.9-.2-10.6-.2-3.7 0-9.7 1.4-14.8 6.9-5.1 5.6-19.4 19-19.4 46.3 0 27.3 19.9 53.7 22.6 57.4 2.8 3.7 39.1 59.7 94.8 83.8 35.2 15.2 49 16.5 66.6 13.9 10.7-1.6 32.8-13.4 37.4-26.4 4.6-13 4.6-24.1 3.2-26.4-1.3-2.5-5-3.9-10.5-6.6z\"><\/path><\/svg>\t\t\t\t<\/a>\n\t\t\t<\/div>\n\t\t\t\n\t\t\t\t\t\t<div class=\"elementor-icon-box-content\">\n\n\t\t\t\t\t\t\t\t\t<p class=\"elementor-icon-box-title\">\n\t\t\t\t\t\t<a href=\"https:\/\/api.whatsapp.com\/send?phone=997411296\" target=\"_blank\" >\n\t\t\t\t\t\t\t+34 635  795 613\t\t\t\t\t\t<\/a>\n\t\t\t\t\t<\/p>\n\t\t\t\t\n\t\t\t\t\n\t\t\t<\/div>\n\t\t\t\n\t\t<\/div>\n\t\t\t\t\t\t<\/div>\n\t\t\t\t\t<\/div>\n\t\t<\/div>\n\t\t\t\t\t<\/div>\n\t\t<\/section>\n\t\t\t\t<section class=\"elementor-section elementor-top-section elementor-element elementor-element-50ac2a18 elementor-section-boxed elementor-section-height-default elementor-section-height-default\" data-id=\"50ac2a18\" data-element_type=\"section\" data-e-type=\"section\" data-settings=\"{&quot;background_background&quot;:&quot;classic&quot;}\">\n\t\t\t\t\t\t<div class=\"elementor-container elementor-column-gap-default\">\n\t\t\t\t\t<div class=\"elementor-column elementor-col-100 elementor-top-column elementor-element elementor-element-cbeeff3\" data-id=\"cbeeff3\" data-element_type=\"column\" data-e-type=\"column\">\n\t\t\t<div class=\"elementor-widget-wrap elementor-element-populated\">\n\t\t\t\t\t\t<div class=\"elementor-element elementor-element-b7c6f98 elementor-widget__width-auto elementor-widget elementor-widget-shortcode\" data-id=\"b7c6f98\" data-element_type=\"widget\" data-e-type=\"widget\" data-widget_type=\"shortcode.default\">\n\t\t\t\t\t\t\t<div class=\"elementor-shortcode\">\n<div class=\"wpcf7 no-js\" id=\"wpcf7-f5-o1\" lang=\"en-US\" dir=\"ltr\" data-wpcf7-id=\"5\">\n<div class=\"screen-reader-response\"><p role=\"status\" aria-live=\"polite\" aria-atomic=\"true\"><\/p> <ul><\/ul><\/div>\n<form action=\"\/en\/wp-json\/wp\/v2\/pages\/104#wpcf7-f5-o1\" method=\"post\" class=\"wpcf7-form init\" aria-label=\"Contact form\" novalidate=\"novalidate\" data-status=\"init\" data-trp-original-action=\"\/en\/wp-json\/wp\/v2\/pages\/104#wpcf7-f5-o1\">\n<fieldset class=\"hidden-fields-container\"><input type=\"hidden\" name=\"_wpcf7\" value=\"5\" \/><input type=\"hidden\" name=\"_wpcf7_version\" value=\"6.1.5\" \/><input type=\"hidden\" name=\"_wpcf7_locale\" value=\"en_US\" \/><input type=\"hidden\" name=\"_wpcf7_unit_tag\" value=\"wpcf7-f5-o1\" \/><input type=\"hidden\" name=\"_wpcf7_container_post\" value=\"0\" \/><input type=\"hidden\" name=\"_wpcf7_posted_data_hash\" value=\"\" \/>\n<\/fieldset>\n<div>\n\t<div>\n\t\t<p><label for=\"name\">Name*<\/label><span class=\"wpcf7-form-control-wrap\" data-name=\"name\"><input size=\"40\" maxlength=\"400\" class=\"wpcf7-form-control wpcf7-text wpcf7-validates-as-required\" aria-required=\"true\" aria-invalid=\"false\" value=\"\" type=\"text\" name=\"name\" \/><\/span>\n\t\t<\/p>\n\t<\/div>\n\t<div>\n\t\t<p><label for=\"email\">Email*<\/label><span class=\"wpcf7-form-control-wrap\" data-name=\"email\"><input size=\"40\" maxlength=\"400\" class=\"wpcf7-form-control wpcf7-email wpcf7-validates-as-required wpcf7-text wpcf7-validates-as-email\" aria-required=\"true\" aria-invalid=\"false\" value=\"\" type=\"email\" name=\"email\" \/><\/span>\n\t\t<\/p>\n\t<\/div>\n<\/div>\n<div>\n\t<div>\n\t\t<p><label for=\"subject\">Subject*<\/label><span class=\"wpcf7-form-control-wrap\" data-name=\"subject\"><input size=\"40\" maxlength=\"400\" class=\"wpcf7-form-control wpcf7-text wpcf7-validates-as-required\" aria-required=\"true\" aria-invalid=\"false\" value=\"\" type=\"text\" name=\"subject\" \/><\/span>\n\t\t<\/p>\n\t<\/div>\n\t<div>\n\t\t<p><label for=\"message\">Message*<\/label><span class=\"wpcf7-form-control-wrap\" data-name=\"message\"><textarea cols=\"40\" rows=\"10\" maxlength=\"2000\" class=\"wpcf7-form-control wpcf7-textarea wpcf7-validates-as-required\" aria-required=\"true\" aria-invalid=\"false\" name=\"message\"><\/textarea><\/span>\n\t\t<\/p>\n\t<\/div>\n<\/div>\n<div>\n\t<div>\n\t\t<p><input class=\"wpcf7-form-control wpcf7-submit has-spinner\" type=\"submit\" value=\"Send\" \/>\n\t\t<\/p>\n\t<\/div>\n<\/div><p style=\"display: none !important;\" class=\"akismet-fields-container\" data-prefix=\"_wpcf7_ak_\"><label>&#916;<textarea name=\"_wpcf7_ak_hp_textarea\" cols=\"45\" rows=\"8\" maxlength=\"100\"><\/textarea><\/label><input type=\"hidden\" id=\"ak_js_1\" name=\"_wpcf7_ak_js\" value=\"24\"\/><script>document.getElementById( \"ak_js_1\" ).setAttribute( \"value\", ( new Date() ).getTime() );<\/script><\/p><div class=\"wpcf7-response-output\" aria-hidden=\"true\"><\/div>\n<input type=\"hidden\" name=\"trp-form-language\" value=\"en\"\/><\/form>\n<\/div>\n<\/div>\n\t\t\t\t\t\t<\/div>\n\t\t\t\t\t<\/div>\n\t\t<\/div>\n\t\t\t\t\t<\/div>\n\t\t<\/section>\n\t\t\t\t<\/div>","protected":false},"excerpt":{"rendered":"<p>\u00bfTienes alguna consulta? Cont\u00e1ctanos para sumergirte en el fascinante mundo de las bebidas, desde Piscos y Destilados hasta Macerados, Licores, Aguardientes, Vinos y Orujos. Nuestras catas y degustaciones se realizan en diversas ubicaciones, abarcando desde Madrid\u00a0 Espa\u00f1a hasta destinos internacionales como Francia, Italia, Alemania, Reino Unido, Europa, Asia, Estados Unidos y Latinoam\u00e9rica. Aprende a apreciar, [&hellip;]<\/p>\n","protected":false},"author":1,"featured_media":0,"parent":0,"menu_order":0,"comment_status":"closed","ping_status":"closed","template":"","meta":{"footnotes":""},"class_list":["post-104","page","type-page","status-publish","hentry"],"yoast_head":"<!-- This site is optimized with the Yoast SEO plugin v27.0 - https:\/\/yoast.com\/product\/yoast-seo-wordpress\/ -->\n<title>Contacto - Livio Pastorino<\/title>\n<meta name=\"robots\" content=\"index, follow, max-snippet:-1, max-image-preview:large, max-video-preview:-1\" \/>\n<link rel=\"canonical\" href=\"https:\/\/liviopastorino.com\/en\/contacto\/\" \/>\n<meta property=\"og:locale\" content=\"en_GB\" \/>\n<meta property=\"og:type\" content=\"article\" \/>\n<meta property=\"og:title\" content=\"Contacto - Livio Pastorino\" \/>\n<meta property=\"og:description\" content=\"\u00bfTienes alguna consulta? Cont\u00e1ctanos para sumergirte en el fascinante mundo de las bebidas, desde Piscos y Destilados hasta Macerados, Licores, Aguardientes, Vinos y Orujos. Nuestras catas y degustaciones se realizan en diversas ubicaciones, abarcando desde Madrid\u00a0 Espa\u00f1a hasta destinos internacionales como Francia, Italia, Alemania, Reino Unido, Europa, Asia, Estados Unidos y Latinoam\u00e9rica. Aprende a apreciar, [&hellip;]\" \/>\n<meta property=\"og:url\" content=\"https:\/\/liviopastorino.com\/en\/contacto\/\" \/>\n<meta property=\"og:site_name\" content=\"Livio Pastorino\" \/>\n<meta property=\"article:modified_time\" content=\"2024-03-18T16:09:28+00:00\" \/>\n<meta name=\"twitter:card\" content=\"summary_large_image\" \/>\n<meta name=\"twitter:label1\" content=\"Estimated reading time\" \/>\n\t<meta name=\"twitter:data1\" content=\"1 minute\" \/>\n<script type=\"application\/ld+json\" class=\"yoast-schema-graph\">{\"@context\":\"https:\/\/schema.org\",\"@graph\":[{\"@type\":\"WebPage\",\"@id\":\"https:\/\/liviopastorino.com\/contacto\/\",\"url\":\"https:\/\/liviopastorino.com\/contacto\/\",\"name\":\"Contacto - Livio Pastorino\",\"isPartOf\":{\"@id\":\"https:\/\/liviopastorino.com\/#website\"},\"datePublished\":\"2023-06-23T12:54:45+00:00\",\"dateModified\":\"2024-03-18T16:09:28+00:00\",\"breadcrumb\":{\"@id\":\"https:\/\/liviopastorino.com\/contacto\/#breadcrumb\"},\"inLanguage\":\"en-GB\",\"potentialAction\":[{\"@type\":\"ReadAction\",\"target\":[\"https:\/\/liviopastorino.com\/contacto\/\"]}]},{\"@type\":\"BreadcrumbList\",\"@id\":\"https:\/\/liviopastorino.com\/contacto\/#breadcrumb\",\"itemListElement\":[{\"@type\":\"ListItem\",\"position\":1,\"name\":\"Portada\",\"item\":\"https:\/\/liviopastorino.com\/\"},{\"@type\":\"ListItem\",\"position\":2,\"name\":\"Contacto\"}]},{\"@type\":\"WebSite\",\"@id\":\"https:\/\/liviopastorino.com\/#website\",\"url\":\"https:\/\/liviopastorino.com\/\",\"name\":\"Cursos de cata - Formaci\u00f3n - Charlas - Pisco - liviopastorino.com\",\"description\":\"Livio Pastorino sommelier, especialista y catador de Pisco ofrece cursos de cata, formaci\u00f3n y charlas, cata de muestras, destilados, espirituosos, vodka,  licores, vino, whisky etc. Con mas de 20 a\u00f1os de experiencia ofrece sus servicios en Madrid Espa\u00f1a, Europa, Asia, EEUU y Latinoamerica.\",\"publisher\":{\"@id\":\"https:\/\/liviopastorino.com\/#\/schema\/person\/140fa8f0f6366b41a0e5494e51f4b6f5\"},\"potentialAction\":[{\"@type\":\"SearchAction\",\"target\":{\"@type\":\"EntryPoint\",\"urlTemplate\":\"https:\/\/liviopastorino.com\/?s={search_term_string}\"},\"query-input\":{\"@type\":\"PropertyValueSpecification\",\"valueRequired\":true,\"valueName\":\"search_term_string\"}}],\"inLanguage\":\"en-GB\"},{\"@type\":[\"Person\",\"Organization\"],\"@id\":\"https:\/\/liviopastorino.com\/#\/schema\/person\/140fa8f0f6366b41a0e5494e51f4b6f5\",\"name\":\"Livio Pastorino Wagner\",\"image\":{\"@type\":\"ImageObject\",\"inLanguage\":\"en-GB\",\"@id\":\"https:\/\/liviopastorino.com\/#\/schema\/person\/image\/\",\"url\":\"https:\/\/i0.wp.com\/liviopastorino.com\/wp-content\/uploads\/2023\/06\/Livio-Pastorino-Sommelier-Especialista-Catador-de-Pisco.png?fit=544%2C595&ssl=1\",\"contentUrl\":\"https:\/\/i0.wp.com\/liviopastorino.com\/wp-content\/uploads\/2023\/06\/Livio-Pastorino-Sommelier-Especialista-Catador-de-Pisco.png?fit=544%2C595&ssl=1\",\"width\":544,\"height\":595,\"caption\":\"Livio Pastorino Wagner\"},\"logo\":{\"@id\":\"https:\/\/liviopastorino.com\/#\/schema\/person\/image\/\"},\"sameAs\":[\"https:\/\/liviopastorino.com\/\"]}]}<\/script>\n<!-- \/ Yoast SEO plugin. -->","yoast_head_json":{"title":"Contacto - Livio Pastorino","robots":{"index":"index","follow":"follow","max-snippet":"max-snippet:-1","max-image-preview":"max-image-preview:large","max-video-preview":"max-video-preview:-1"},"canonical":"https:\/\/liviopastorino.com\/en\/contacto\/","og_locale":"en_GB","og_type":"article","og_title":"Contacto - Livio Pastorino","og_description":"\u00bfTienes alguna consulta? Cont\u00e1ctanos para sumergirte en el fascinante mundo de las bebidas, desde Piscos y Destilados hasta Macerados, Licores, Aguardientes, Vinos y Orujos. Nuestras catas y degustaciones se realizan en diversas ubicaciones, abarcando desde Madrid\u00a0 Espa\u00f1a hasta destinos internacionales como Francia, Italia, Alemania, Reino Unido, Europa, Asia, Estados Unidos y Latinoam\u00e9rica. Aprende a apreciar, [&hellip;]","og_url":"https:\/\/liviopastorino.com\/en\/contacto\/","og_site_name":"Livio Pastorino","article_modified_time":"2024-03-18T16:09:28+00:00","twitter_card":"summary_large_image","twitter_misc":{"Estimated reading time":"1 minute"},"schema":{"@context":"https:\/\/schema.org","@graph":[{"@type":"WebPage","@id":"https:\/\/liviopastorino.com\/contacto\/","url":"https:\/\/liviopastorino.com\/contacto\/","name":"Contacto - Livio Pastorino","isPartOf":{"@id":"https:\/\/liviopastorino.com\/#website"},"datePublished":"2023-06-23T12:54:45+00:00","dateModified":"2024-03-18T16:09:28+00:00","breadcrumb":{"@id":"https:\/\/liviopastorino.com\/contacto\/#breadcrumb"},"inLanguage":"en-GB","potentialAction":[{"@type":"ReadAction","target":["https:\/\/liviopastorino.com\/contacto\/"]}]},{"@type":"BreadcrumbList","@id":"https:\/\/liviopastorino.com\/contacto\/#breadcrumb","itemListElement":[{"@type":"ListItem","position":1,"name":"Portada","item":"https:\/\/liviopastorino.com\/"},{"@type":"ListItem","position":2,"name":"Contacto"}]},{"@type":"WebSite","@id":"https:\/\/liviopastorino.com\/#website","url":"https:\/\/liviopastorino.com\/","name":"Cursos de cata - Formaci\u00f3n - Charlas - Pisco - liviopastorino.com","description":"Livio Pastorino sommelier, especialista y catador de Pisco ofrece cursos de cata, formaci\u00f3n y charlas, cata de muestras, destilados, espirituosos, vodka,  licores, vino, whisky etc. Con mas de 20 a\u00f1os de experiencia ofrece sus servicios en Madrid Espa\u00f1a, Europa, Asia, EEUU y Latinoamerica.","publisher":{"@id":"https:\/\/liviopastorino.com\/#\/schema\/person\/140fa8f0f6366b41a0e5494e51f4b6f5"},"potentialAction":[{"@type":"SearchAction","target":{"@type":"EntryPoint","urlTemplate":"https:\/\/liviopastorino.com\/?s={search_term_string}"},"query-input":{"@type":"PropertyValueSpecification","valueRequired":true,"valueName":"search_term_string"}}],"inLanguage":"en-GB"},{"@type":["Person","Organization"],"@id":"https:\/\/liviopastorino.com\/#\/schema\/person\/140fa8f0f6366b41a0e5494e51f4b6f5","name":"Livio Pastorino Wagner","image":{"@type":"ImageObject","inLanguage":"en-GB","@id":"https:\/\/liviopastorino.com\/#\/schema\/person\/image\/","url":"https:\/\/i0.wp.com\/liviopastorino.com\/wp-content\/uploads\/2023\/06\/Livio-Pastorino-Sommelier-Especialista-Catador-de-Pisco.png?fit=544%2C595&ssl=1","contentUrl":"https:\/\/i0.wp.com\/liviopastorino.com\/wp-content\/uploads\/2023\/06\/Livio-Pastorino-Sommelier-Especialista-Catador-de-Pisco.png?fit=544%2C595&ssl=1","width":544,"height":595,"caption":"Livio Pastorino Wagner"},"logo":{"@id":"https:\/\/liviopastorino.com\/#\/schema\/person\/image\/"},"sameAs":["https:\/\/liviopastorino.com\/"]}]}},"jetpack-related-posts":[{"id":135,"url":"https:\/\/liviopastorino.com\/en\/sobre-mi\/","url_meta":{"origin":104,"position":0},"title":"Livio Pastorino &#8211; Especialista Catador &#8211; Somelier","author":"lpwadmin","date":"July 21, 2023","format":false,"excerpt":"SOMMELIER, ESPECIALISTA Y CATADOR DE PISCO Livio Pastorino es un experto en pisco con una amplia experiencia en cata, educaci\u00f3n y promoci\u00f3n de esta bebida tradicional peruana, Patrimonio Cultural de la Naci\u00f3n. Ha desempe\u00f1ado un papel destacado en diversas organizaciones relacionadas con el pisco y ha contribuido significativamente a la\u2026","rel":"","context":"Similar post","block_context":{"text":"Similar post","link":""},"img":{"alt_text":"","src":"","width":0,"height":0},"classes":[]},{"id":43,"url":"https:\/\/liviopastorino.com\/en\/","url_meta":{"origin":104,"position":1},"title":"Front Page","author":"lpwadmin","date":"June 21, 2023","format":false,"excerpt":"\u00abEl pisco Moscatel es tan elegante como una figura cl\u00e1sica del cine\u00bb. La uva Moscatel ha sido reconocida a lo largo de los a\u00f1os por su capacidad para producir piscos excepcionales, elegantes y arom\u00e1ticos. [\u2026]","rel":"","context":"Similar post","block_context":{"text":"Similar post","link":""},"img":{"alt_text":"","src":"https:\/\/i0.wp.com\/liviopastorino.com\/wp-content\/uploads\/2025\/08\/P1020225-Grande.jpg?fit=810%2C1080&ssl=1&resize=350%2C200","width":350,"height":200,"srcset":"https:\/\/i0.wp.com\/liviopastorino.com\/wp-content\/uploads\/2025\/08\/P1020225-Grande.jpg?fit=810%2C1080&ssl=1&resize=350%2C200 1x, https:\/\/i0.wp.com\/liviopastorino.com\/wp-content\/uploads\/2025\/08\/P1020225-Grande.jpg?fit=810%2C1080&ssl=1&resize=525%2C300 1.5x, https:\/\/i0.wp.com\/liviopastorino.com\/wp-content\/uploads\/2025\/08\/P1020225-Grande.jpg?fit=810%2C1080&ssl=1&resize=700%2C400 2x"},"classes":[]},{"id":3780,"url":"https:\/\/liviopastorino.com\/en\/elementor-3780\/","url_meta":{"origin":104,"position":2},"title":"Elementor #3780","author":"Livio Pastorino Wagner","date":"January 24, 2024","format":false,"excerpt":"Destilados del mundo Revista Cocktail edici\u00f3n No 67, agradeciendo por la oportunidad.La semana pasada estuve dictando cata de destilados en el Diplomado Internacional en Marketing y Comercializaci\u00f3n de Destilados de la Universidad Privada San Juan Bautista en Ica. Agradezco la oportunidad. Esta universidad es, hasta el momento, la \u00fanica que\u2026","rel":"","context":"Similar post","block_context":{"text":"Similar post","link":""},"img":{"alt_text":"","src":"","width":0,"height":0},"classes":[]}],"jetpack_sharing_enabled":true,"_links":{"self":[{"href":"https:\/\/liviopastorino.com\/en\/wp-json\/wp\/v2\/pages\/104","targetHints":{"allow":["GET"]}}],"collection":[{"href":"https:\/\/liviopastorino.com\/en\/wp-json\/wp\/v2\/pages"}],"about":[{"href":"https:\/\/liviopastorino.com\/en\/wp-json\/wp\/v2\/types\/page"}],"author":[{"embeddable":true,"href":"https:\/\/liviopastorino.com\/en\/wp-json\/wp\/v2\/users\/1"}],"replies":[{"embeddable":true,"href":"https:\/\/liviopastorino.com\/en\/wp-json\/wp\/v2\/comments?post=104"}],"version-history":[{"count":46,"href":"https:\/\/liviopastorino.com\/en\/wp-json\/wp\/v2\/pages\/104\/revisions"}],"predecessor-version":[{"id":5528,"href":"https:\/\/liviopastorino.com\/en\/wp-json\/wp\/v2\/pages\/104\/revisions\/5528"}],"wp:attachment":[{"href":"https:\/\/liviopastorino.com\/en\/wp-json\/wp\/v2\/media?parent=104"}],"curies":[{"name":"wp","href":"https:\/\/api.w.org\/{rel}","templated":true}]}}